{"id":3,"date":"2025-05-20T12:28:14","date_gmt":"2025-05-20T12:28:14","guid":{"rendered":"https:\/\/beier.com.br\/?page_id=3"},"modified":"2025-05-21T18:37:35","modified_gmt":"2025-05-21T18:37:35","slug":"privacy-policy","status":"publish","type":"page","link":"https:\/\/beier.com.br\/?page_id=3","title":{"rendered":"Politica de Privacidade."},"content":{"rendered":"\n<h2 class=\"wp-block-heading\">Quem sou.<\/h2>\n\n\n\n<p>O endere\u00e7o do site \u00e9: https:\/\/beier.com.br.<br>\u00c9 um blog sem maiores compromissos.<\/p>\n\n\n\n<p><strong>Coment\u00e1rios<\/strong><\/p>\n\n\n\n<p>Quando os visitantes deixam coment\u00e1rios no site, coletamos os dados exibidos no formul\u00e1rio de coment\u00e1rios, al\u00e9m do endere\u00e7o IP do visitante e da sequ\u00eancia de caracteres do agente do usu\u00e1rio do navegador para auxiliar na detec\u00e7\u00e3o de spam.<\/p>\n\n\n\n<p>Uma sequ\u00eancia de caracteres an\u00f4nima criada a partir do seu endere\u00e7o de e-mail (tamb\u00e9m chamada de hash) pode ser fornecida ao servi\u00e7o Gravatar para verificar se voc\u00ea o est\u00e1 utilizando. A pol\u00edtica de privacidade do servi\u00e7o Gravatar est\u00e1 dispon\u00edvel aqui: https:\/\/automattic.com\/privacy\/. Ap\u00f3s a aprova\u00e7\u00e3o do seu coment\u00e1rio, sua foto de perfil ficar\u00e1 vis\u00edvel publicamente no contexto do seu coment\u00e1rio.<\/p>\n\n\n\n<p><strong>M\u00eddia<\/strong><\/p>\n\n\n\n<p>Se voc\u00ea enviar imagens para o site, evite enviar imagens com dados de localiza\u00e7\u00e3o incorporados (EXIF GPS). Os visitantes do site podem baixar e extrair quaisquer dados de localiza\u00e7\u00e3o das imagens no site.<\/p>\n\n\n\n<p><strong>Cookies<\/strong><\/p>\n\n\n\n<p>Se voc\u00ea deixar um coment\u00e1rio em nosso site, poder\u00e1 optar por salvar seu nome, endere\u00e7o de e-mail e site nos cookies. Estes cookies s\u00e3o para sua conveni\u00eancia, para que voc\u00ea n\u00e3o precise preencher seus dados novamente ao deixar outro coment\u00e1rio. Esses cookies duram um ano.<\/p>\n\n\n\n<p>Se voc\u00ea visitar nossa p\u00e1gina de login, definiremos um cookie tempor\u00e1rio para determinar se o seu navegador aceita cookies. Este cookie n\u00e3o cont\u00e9m dados pessoais e \u00e9 descartado quando voc\u00ea fecha o navegador.<\/p>\n\n\n\n<p>Ao fazer login, tamb\u00e9m definiremos v\u00e1rios cookies para salvar suas informa\u00e7\u00f5es de login e suas op\u00e7\u00f5es de exibi\u00e7\u00e3o de tela. Os cookies de login duram dois dias e os cookies de op\u00e7\u00f5es de tela duram um ano. Se voc\u00ea selecionar &#8220;Lembrar de mim&#8221;, seu login permanecer\u00e1 por duas semanas. Se voc\u00ea sair da sua conta, os cookies de login ser\u00e3o removidos.<\/p>\n\n\n\n<p>Se voc\u00ea editar ou publicar um artigo, um cookie adicional ser\u00e1 salvo no seu navegador. Este cookie n\u00e3o inclui dados pessoais e apenas indica o ID da postagem do artigo que voc\u00ea acabou de editar. Ele expira ap\u00f3s 1 dia.<\/p>\n\n\n\n<p><strong>Conte\u00fado incorporado de outros sites<\/strong><\/p>\n\n\n\n<p>Os artigos neste site podem incluir conte\u00fado incorporado (por exemplo, v\u00eddeos, imagens, artigos, etc.). Conte\u00fado incorporado de outros sites se comporta exatamente da mesma forma como se o visitante tivesse visitado o outro site.<\/p>\n\n\n\n<p>Esses sites podem coletar dados sobre voc\u00ea, usar cookies, incorporar rastreamento adicional de terceiros e monitorar sua intera\u00e7\u00e3o com esse conte\u00fado incorporado, incluindo o rastreamento de sua intera\u00e7\u00e3o com o conte\u00fado incorporado se voc\u00ea tiver uma conta e estiver conectado a esse site.<\/p>\n\n\n\n<p><strong>Com quem compartilhamos seus dados<\/strong><\/p>\n\n\n\n<p>Se voc\u00ea solicitar uma redefini\u00e7\u00e3o de senha, seu endere\u00e7o IP ser\u00e1 inclu\u00eddo no e-mail de redefini\u00e7\u00e3o.<\/p>\n\n\n\n<p><strong>Por quanto tempo retemos seus dados<\/strong><\/p>\n\n\n\n<p>Se voc\u00ea deixar um coment\u00e1rio, o coment\u00e1rio e seus metadados ser\u00e3o retidos indefinidamente. Isso permite que possamos reconhecer e aprovar quaisquer coment\u00e1rios subsequentes automaticamente, em vez de mant\u00ea-los em uma fila de modera\u00e7\u00e3o.<\/p>\n\n\n\n<p>Para usu\u00e1rios que se cadastram em nosso site (se houver), tamb\u00e9m armazenamos as informa\u00e7\u00f5es pessoais que eles fornecem em seus perfis de usu\u00e1rio. Todos os usu\u00e1rios podem ver, editar ou excluir suas informa\u00e7\u00f5es pessoais a qualquer momento (exceto que n\u00e3o podem alterar seu nome de usu\u00e1rio). Os administradores do site tamb\u00e9m podem ver e editar essas informa\u00e7\u00f5es.<\/p>\n\n\n\n<p><strong>Para onde seus dados s\u00e3o enviados<\/strong><\/p>\n\n\n\n<p>Os coment\u00e1rios dos visitantes podem ser verificados por um servi\u00e7o automatizado de detec\u00e7\u00e3o de spam.<\/p>\n","protected":false},"excerpt":{"rendered":"<p>Quem sou. O endere\u00e7o do site \u00e9: https:\/\/beier.com.br.\u00c9 um blog sem maiores compromissos. Coment\u00e1rios Quando os visitantes deixam coment\u00e1rios no site, coletamos os dados exibidos no formul\u00e1rio de coment\u00e1rios, al\u00e9m do endere\u00e7o IP do visitante e da sequ\u00eancia de caracteres &hellip; <a href=\"https:\/\/beier.com.br\/?page_id=3\">Continue lendo <span class=\"meta-nav\">&rarr;<\/span><\/a><\/p>\n","protected":false},"author":1,"featured_media":0,"parent":0,"menu_order":0,"comment_status":"closed","ping_status":"open","template":"","meta":{"footnotes":""},"class_list":["post-3","page","type-page","status-publish","hentry"],"yoast_head":"<!-- This site is optimized with the Yoast SEO plugin v25.1 - https:\/\/yoast.com\/wordpress\/plugins\/seo\/ -->\n<title>Politica de Privacidade. - Falando sobre tudo<\/title>\n<meta name=\"robots\" content=\"index, follow, max-snippet:-1, max-image-preview:large, max-video-preview:-1\" \/>\n<link rel=\"canonical\" href=\"https:\/\/beier.com.br\/?page_id=3\" \/>\n<meta property=\"og:locale\" content=\"pt_BR\" \/>\n<meta property=\"og:type\" content=\"article\" \/>\n<meta property=\"og:title\" content=\"Politica de Privacidade. - Falando sobre tudo\" \/>\n<meta property=\"og:description\" content=\"Quem sou. O endere\u00e7o do site \u00e9: https:\/\/beier.com.br.\u00c9 um blog sem maiores compromissos. Coment\u00e1rios Quando os visitantes deixam coment\u00e1rios no site, coletamos os dados exibidos no formul\u00e1rio de coment\u00e1rios, al\u00e9m do endere\u00e7o IP do visitante e da sequ\u00eancia de caracteres &hellip; Continue lendo &rarr;\" \/>\n<meta property=\"og:url\" content=\"https:\/\/beier.com.br\/?page_id=3\" \/>\n<meta property=\"og:site_name\" content=\"Falando sobre tudo\" \/>\n<meta property=\"article:modified_time\" content=\"2025-05-21T18:37:35+00:00\" \/>\n<meta name=\"twitter:card\" content=\"summary_large_image\" \/>\n<meta name=\"twitter:label1\" content=\"Est. tempo de leitura\" \/>\n\t<meta name=\"twitter:data1\" content=\"4 minutos\" \/>\n<script type=\"application\/ld+json\" class=\"yoast-schema-graph\">{\"@context\":\"https:\/\/schema.org\",\"@graph\":[{\"@type\":\"WebPage\",\"@id\":\"https:\/\/beier.com.br\/?page_id=3\",\"url\":\"https:\/\/beier.com.br\/?page_id=3\",\"name\":\"Politica de Privacidade. - Falando sobre tudo\",\"isPartOf\":{\"@id\":\"https:\/\/beier.com.br\/#website\"},\"datePublished\":\"2025-05-20T12:28:14+00:00\",\"dateModified\":\"2025-05-21T18:37:35+00:00\",\"breadcrumb\":{\"@id\":\"https:\/\/beier.com.br\/?page_id=3#breadcrumb\"},\"inLanguage\":\"pt-BR\",\"potentialAction\":[{\"@type\":\"ReadAction\",\"target\":[\"https:\/\/beier.com.br\/?page_id=3\"]}]},{\"@type\":\"BreadcrumbList\",\"@id\":\"https:\/\/beier.com.br\/?page_id=3#breadcrumb\",\"itemListElement\":[{\"@type\":\"ListItem\",\"position\":1,\"name\":\"In\u00edcio\",\"item\":\"https:\/\/beier.com.br\/\"},{\"@type\":\"ListItem\",\"position\":2,\"name\":\"Politica de Privacidade.\"}]},{\"@type\":\"WebSite\",\"@id\":\"https:\/\/beier.com.br\/#website\",\"url\":\"https:\/\/beier.com.br\/\",\"name\":\"Falando sobre tudo\",\"description\":\"Um blog para trocar ideias\",\"potentialAction\":[{\"@type\":\"SearchAction\",\"target\":{\"@type\":\"EntryPoint\",\"urlTemplate\":\"https:\/\/beier.com.br\/?s={search_term_string}\"},\"query-input\":{\"@type\":\"PropertyValueSpecification\",\"valueRequired\":true,\"valueName\":\"search_term_string\"}}],\"inLanguage\":\"pt-BR\"}]}<\/script>\n<!-- \/ Yoast SEO plugin. -->","yoast_head_json":{"title":"Politica de Privacidade. - Falando sobre tudo","robots":{"index":"index","follow":"follow","max-snippet":"max-snippet:-1","max-image-preview":"max-image-preview:large","max-video-preview":"max-video-preview:-1"},"canonical":"https:\/\/beier.com.br\/?page_id=3","og_locale":"pt_BR","og_type":"article","og_title":"Politica de Privacidade. - Falando sobre tudo","og_description":"Quem sou. O endere\u00e7o do site \u00e9: https:\/\/beier.com.br.\u00c9 um blog sem maiores compromissos. Coment\u00e1rios Quando os visitantes deixam coment\u00e1rios no site, coletamos os dados exibidos no formul\u00e1rio de coment\u00e1rios, al\u00e9m do endere\u00e7o IP do visitante e da sequ\u00eancia de caracteres &hellip; Continue lendo &rarr;","og_url":"https:\/\/beier.com.br\/?page_id=3","og_site_name":"Falando sobre tudo","article_modified_time":"2025-05-21T18:37:35+00:00","twitter_card":"summary_large_image","twitter_misc":{"Est. tempo de leitura":"4 minutos"},"schema":{"@context":"https:\/\/schema.org","@graph":[{"@type":"WebPage","@id":"https:\/\/beier.com.br\/?page_id=3","url":"https:\/\/beier.com.br\/?page_id=3","name":"Politica de Privacidade. - Falando sobre tudo","isPartOf":{"@id":"https:\/\/beier.com.br\/#website"},"datePublished":"2025-05-20T12:28:14+00:00","dateModified":"2025-05-21T18:37:35+00:00","breadcrumb":{"@id":"https:\/\/beier.com.br\/?page_id=3#breadcrumb"},"inLanguage":"pt-BR","potentialAction":[{"@type":"ReadAction","target":["https:\/\/beier.com.br\/?page_id=3"]}]},{"@type":"BreadcrumbList","@id":"https:\/\/beier.com.br\/?page_id=3#breadcrumb","itemListElement":[{"@type":"ListItem","position":1,"name":"In\u00edcio","item":"https:\/\/beier.com.br\/"},{"@type":"ListItem","position":2,"name":"Politica de Privacidade."}]},{"@type":"WebSite","@id":"https:\/\/beier.com.br\/#website","url":"https:\/\/beier.com.br\/","name":"Falando sobre tudo","description":"Um blog para trocar ideias","potentialAction":[{"@type":"SearchAction","target":{"@type":"EntryPoint","urlTemplate":"https:\/\/beier.com.br\/?s={search_term_string}"},"query-input":{"@type":"PropertyValueSpecification","valueRequired":true,"valueName":"search_term_string"}}],"inLanguage":"pt-BR"}]}},"_links":{"self":[{"href":"https:\/\/beier.com.br\/index.php?rest_route=\/wp\/v2\/pages\/3","targetHints":{"allow":["GET"]}}],"collection":[{"href":"https:\/\/beier.com.br\/index.php?rest_route=\/wp\/v2\/pages"}],"about":[{"href":"https:\/\/beier.com.br\/index.php?rest_route=\/wp\/v2\/types\/page"}],"author":[{"embeddable":true,"href":"https:\/\/beier.com.br\/index.php?rest_route=\/wp\/v2\/users\/1"}],"replies":[{"embeddable":true,"href":"https:\/\/beier.com.br\/index.php?rest_route=%2Fwp%2Fv2%2Fcomments&post=3"}],"version-history":[{"count":2,"href":"https:\/\/beier.com.br\/index.php?rest_route=\/wp\/v2\/pages\/3\/revisions"}],"predecessor-version":[{"id":23,"href":"https:\/\/beier.com.br\/index.php?rest_route=\/wp\/v2\/pages\/3\/revisions\/23"}],"wp:attachment":[{"href":"https:\/\/beier.com.br\/index.php?rest_route=%2Fwp%2Fv2%2Fmedia&parent=3"}],"curies":[{"name":"wp","href":"https:\/\/api.w.org\/{rel}","templated":true}]}}